{"id":14,"date":"2023-04-12T11:37:12","date_gmt":"2023-04-12T11:37:12","guid":{"rendered":"https:\/\/sklep.trenujzmuckiem.pl\/?page_id=14"},"modified":"2023-04-12T11:37:12","modified_gmt":"2023-04-12T11:37:12","slug":"lista-produktow","status":"publish","type":"page","link":"https:\/\/sklep.trenujzmuckiem.pl\/","title":{"rendered":"Lista produkt\u00f3w"},"content":{"rendered":"        <div class=\"widok\">\n            <div class=\"contenter\">\n                <p>Widok<\/p>\n                <div id=\"kwadrat\" class=\"opcje_widoku active\"><i class=\"fa fa-th-large\"><\/i><\/div>\n                <div id=\"prostokat\" class=\"opcje_widoku \"><i class=\"fa fa-th\"><\/i><\/div>\n                <div id=\"lista\" class=\"opcje_widoku\"><i class=\"fa fa-th-list\"><\/i><\/div>\n            <\/div>\n        <\/div>\n\n        <div class=\"glowna_boxy edd_download_columns_3\"\n             data-default-view=\"grid\"\n             >\n            <div class=\"row\">\n                                                        <div class=\"col-sm-12 box-wrapper\"\n                         id=\"edd_download_78\">\n                        <div class=\"box\">\n                                                        <div class=\"glowna_box_zdjecie col-sm-4\">\n                                <a href=\"https:\/\/sklep.trenujzmuckiem.pl\/?download=wspolpraca-online-premium-animal\" title=\"Wsp\u00f3\u0142praca online &#8211; PREMIUM (ANIMAL)\"\n                                                                       class=\"thumb\">\n                                                                            <span class=\"course-thumbnail-default\">\n\t\t\t\t\t\t\t\t\t\t\t<span><i class=\"icon-hat\"><\/i><\/span>\n\t\t\t\t\t\t\t\t\t\t<\/span>\n                                                                    <\/a>\n                            <\/div>\n                                                        <div class=\"col-sm-5 glowna_box_product_details\">\n                                \n<div class=\"box_glowna_tytul\">\n    <a href=\"https:\/\/sklep.trenujzmuckiem.pl\/?download=wspolpraca-online-premium-animal\" >\n      <h2>\n         Wsp\u00f3\u0142praca online &#8211; PREMIUM (ANIMAL)      <\/h2>\n    <\/a>\n<\/div>\n\n                                <div class=\"box_glowna_kategorie_wrapper\"><\/div>\n                                \n        <div class=\"clearfix\">\n            <a class=\"button button-read-more\"\n               href=\"https:\/\/sklep.trenujzmuckiem.pl\/?download=wspolpraca-online-premium-animal\">Czytaj wi\u0119cej            <\/a>\n        <\/div>\n\t\n                            <\/div>\n\n\n                                <div class=\"col-sm-3\n        \">\n        <form class=\"edd_download_purchase_form edd_purchase_78 edd-sales-disabled\"\n\n                            data-eddcm-sales-disabled-reason=\"Sprzeda\u017c wy\u0142\u0105czona\" data-eddcm-sales-disabled-reason-long=\"Sprzeda\u017c tego kursy jest obecnie wy\u0142\u0105czona.\"\n                            method=\"post\">\n                                        <div class=\"glowna_box_cena\">\n                                <p class=\"glowna_box_cena_cena\">750.00<\/p>\n                <p class=\"glowna_box_cena_waluta\">PLN<\/p>\n            <\/div>\n            \n                    <div class=\"edd_purchase_submit_wrapper box_glowna_add_to_cart\">\n                                                    <a href=\"#\"                                class=\"edd-add-to-cart\" data-action=\"edd_add_to_cart\" data-download-id=\"78\" data-variable-price=\"no\" data-price-mode=single ><span class=\"edd-add-to-cart-label\"><i class=\"fas fa-times\"><\/i>Zam\u00f3w<\/span> <span class=\"edd-loading\"><i class=\"icon-hourglass icon-spin\"><\/i><\/span><\/a><button type=\"submit\"  class=\"edd-add-to-cart edd-no-js \" name=\"edd_purchase_download\" data-action=\"edd_add_to_cart\" data-download-id=\"78\" data-variable-price=\"no\" data-price-mode=single >Zam\u00f3w<\/button><a href=\"https:\/\/sklep.trenujzmuckiem.pl\/?page_id=6\" class=\"edd_go_to_checkout\" style=\"display:none;\">Przejd\u017a do kasy<\/a>\n                                                    <span class=\"edd-cart-ajax-alert\" aria-live=\"assertive\">\n                                <span class=\"edd-cart-added-alert\" style=\"display: none;\">\n                                    <i class=\"edd-icon-ok\" aria-hidden=\"true\"><\/i> Dodano do koszyka                                <\/span>\n                            <\/span>\n                                            <\/div><!--end .edd_purchase_submit_wrapper-->\n\n                    <input type=\"hidden\" name=\"prod$product_id\"\n                            value=\"78\">\n                                        <input type=\"hidden\" name=\"edd_action\" class=\"edd_action_input\"\n                            value=\"add_to_cart\">\n\n                    \n                    \n                        <\/form>\n    <\/div>\n\n\n                        <\/div>\n                    <\/div>\n                                                            <div class=\"col-sm-12 box-wrapper\"\n                         id=\"edd_download_71\">\n                        <div class=\"box\">\n                                                        <div class=\"glowna_box_zdjecie col-sm-4\">\n                                <a href=\"https:\/\/sklep.trenujzmuckiem.pl\/?download=wspolpraca-online-basic\" title=\"Wsp\u00f3\u0142praca online &#8211; BASIC\"\n                                                                       class=\"thumb\">\n                                                                            <span class=\"course-thumbnail-default\">\n\t\t\t\t\t\t\t\t\t\t\t<span><i class=\"icon-hat\"><\/i><\/span>\n\t\t\t\t\t\t\t\t\t\t<\/span>\n                                                                    <\/a>\n                            <\/div>\n                                                        <div class=\"col-sm-5 glowna_box_product_details\">\n                                \n<div class=\"box_glowna_tytul\">\n    <a href=\"https:\/\/sklep.trenujzmuckiem.pl\/?download=wspolpraca-online-basic\" >\n      <h2>\n         Wsp\u00f3\u0142praca online &#8211; BASIC      <\/h2>\n    <\/a>\n<\/div>\n\n                                <div class=\"box_glowna_kategorie_wrapper\"><\/div>\n                                \n        <div class=\"clearfix\">\n            <a class=\"button button-read-more\"\n               href=\"https:\/\/sklep.trenujzmuckiem.pl\/?download=wspolpraca-online-basic\">Czytaj wi\u0119cej            <\/a>\n        <\/div>\n\t\n                            <\/div>\n\n\n                                <div class=\"col-sm-3\n        \">\n        <form class=\"edd_download_purchase_form edd_purchase_71 edd-sales-disabled\"\n\n                            data-eddcm-sales-disabled-reason=\"Sprzeda\u017c wy\u0142\u0105czona\" data-eddcm-sales-disabled-reason-long=\"Sprzeda\u017c tego kursy jest obecnie wy\u0142\u0105czona.\"\n                            method=\"post\">\n                                        <div class=\"glowna_box_cena\">\n                                <p class=\"glowna_box_cena_cena\">450.00<\/p>\n                <p class=\"glowna_box_cena_waluta\">PLN<\/p>\n            <\/div>\n            \n                    <div class=\"edd_purchase_submit_wrapper box_glowna_add_to_cart\">\n                                                    <a href=\"#\"                                class=\"edd-add-to-cart\" data-action=\"edd_add_to_cart\" data-download-id=\"71\" data-variable-price=\"no\" data-price-mode=single ><span class=\"edd-add-to-cart-label\"><i class=\"fas fa-times\"><\/i>Zam\u00f3w<\/span> <span class=\"edd-loading\"><i class=\"icon-hourglass icon-spin\"><\/i><\/span><\/a><button type=\"submit\"  class=\"edd-add-to-cart edd-no-js \" name=\"edd_purchase_download\" data-action=\"edd_add_to_cart\" data-download-id=\"71\" data-variable-price=\"no\" data-price-mode=single >Zam\u00f3w<\/button><a href=\"https:\/\/sklep.trenujzmuckiem.pl\/?page_id=6\" class=\"edd_go_to_checkout\" style=\"display:none;\">Przejd\u017a do kasy<\/a>\n                                                    <span class=\"edd-cart-ajax-alert\" aria-live=\"assertive\">\n                                <span class=\"edd-cart-added-alert\" style=\"display: none;\">\n                                    <i class=\"edd-icon-ok\" aria-hidden=\"true\"><\/i> Dodano do koszyka                                <\/span>\n                            <\/span>\n                                            <\/div><!--end .edd_purchase_submit_wrapper-->\n\n                    <input type=\"hidden\" name=\"prod$product_id\"\n                            value=\"71\">\n                                        <input type=\"hidden\" name=\"edd_action\" class=\"edd_action_input\"\n                            value=\"add_to_cart\">\n\n                    \n                    \n                        <\/form>\n    <\/div>\n\n\n                        <\/div>\n                    <\/div>\n                                                            <div class=\"col-sm-12 box-wrapper\"\n                         id=\"edd_download_64\">\n                        <div class=\"box\">\n                                                        <div class=\"glowna_box_zdjecie col-sm-4\">\n                                <a href=\"https:\/\/sklep.trenujzmuckiem.pl\/?download=wspolpraca-online-minimal\" title=\"Wsp\u00f3\u0142praca online &#8211; MINIMAL\"\n                                                                       class=\"thumb\">\n                                                                            <span class=\"course-thumbnail-default\">\n\t\t\t\t\t\t\t\t\t\t\t<span><i class=\"icon-hat\"><\/i><\/span>\n\t\t\t\t\t\t\t\t\t\t<\/span>\n                                                                    <\/a>\n                            <\/div>\n                                                        <div class=\"col-sm-5 glowna_box_product_details\">\n                                \n<div class=\"box_glowna_tytul\">\n    <a href=\"https:\/\/sklep.trenujzmuckiem.pl\/?download=wspolpraca-online-minimal\" >\n      <h2>\n         Wsp\u00f3\u0142praca online &#8211; MINIMAL      <\/h2>\n    <\/a>\n<\/div>\n\n                                <div class=\"box_glowna_kategorie_wrapper\"><\/div>\n                                \n        <div class=\"clearfix\">\n            <a class=\"button button-read-more\"\n               href=\"https:\/\/sklep.trenujzmuckiem.pl\/?download=wspolpraca-online-minimal\">Czytaj wi\u0119cej            <\/a>\n        <\/div>\n\t\n                            <\/div>\n\n\n                                <div class=\"col-sm-3\n        \">\n        <form class=\"edd_download_purchase_form edd_purchase_64 edd-sales-disabled\"\n\n                            data-eddcm-sales-disabled-reason=\"Sprzeda\u017c wy\u0142\u0105czona\" data-eddcm-sales-disabled-reason-long=\"Sprzeda\u017c tego kursy jest obecnie wy\u0142\u0105czona.\"\n                            method=\"post\">\n                                        <div class=\"glowna_box_cena\">\n                                <p class=\"glowna_box_cena_cena\">300.00<\/p>\n                <p class=\"glowna_box_cena_waluta\">PLN<\/p>\n            <\/div>\n            \n                    <div class=\"edd_purchase_submit_wrapper box_glowna_add_to_cart\">\n                                                    <a href=\"#\"                                class=\"edd-add-to-cart\" data-action=\"edd_add_to_cart\" data-download-id=\"64\" data-variable-price=\"no\" data-price-mode=single ><span class=\"edd-add-to-cart-label\"><i class=\"fas fa-times\"><\/i>Zam\u00f3w<\/span> <span class=\"edd-loading\"><i class=\"icon-hourglass icon-spin\"><\/i><\/span><\/a><button type=\"submit\"  class=\"edd-add-to-cart edd-no-js \" name=\"edd_purchase_download\" data-action=\"edd_add_to_cart\" data-download-id=\"64\" data-variable-price=\"no\" data-price-mode=single >Zam\u00f3w<\/button><a href=\"https:\/\/sklep.trenujzmuckiem.pl\/?page_id=6\" class=\"edd_go_to_checkout\" style=\"display:none;\">Przejd\u017a do kasy<\/a>\n                                                    <span class=\"edd-cart-ajax-alert\" aria-live=\"assertive\">\n                                <span class=\"edd-cart-added-alert\" style=\"display: none;\">\n                                    <i class=\"edd-icon-ok\" aria-hidden=\"true\"><\/i> Dodano do koszyka                                <\/span>\n                            <\/span>\n                                            <\/div><!--end .edd_purchase_submit_wrapper-->\n\n                    <input type=\"hidden\" name=\"prod$product_id\"\n                            value=\"64\">\n                                        <input type=\"hidden\" name=\"edd_action\" class=\"edd_action_input\"\n                            value=\"add_to_cart\">\n\n                    \n                    \n                        <\/form>\n    <\/div>\n\n\n                        <\/div>\n                    <\/div>\n                                                            <div class=\"col-sm-12 box-wrapper\"\n                         id=\"edd_download_55\">\n                        <div class=\"box\">\n                                                        <div class=\"glowna_box_zdjecie col-sm-4\">\n                                <a href=\"https:\/\/sklep.trenujzmuckiem.pl\/?download=trening-11-pakiet-miesieczny-12-x\" title=\"Trening 1:1 &#8211; pakiet miesi\u0119czny 12 x\"\n                                                                       class=\"thumb\">\n                                                                            <span class=\"course-thumbnail-default\">\n\t\t\t\t\t\t\t\t\t\t\t<span><i class=\"icon-hat\"><\/i><\/span>\n\t\t\t\t\t\t\t\t\t\t<\/span>\n                                                                    <\/a>\n                            <\/div>\n                                                        <div class=\"col-sm-5 glowna_box_product_details\">\n                                \n<div class=\"box_glowna_tytul\">\n    <a href=\"https:\/\/sklep.trenujzmuckiem.pl\/?download=trening-11-pakiet-miesieczny-12-x\" >\n      <h2>\n         Trening 1:1 &#8211; pakiet miesi\u0119czny 12 x      <\/h2>\n    <\/a>\n<\/div>\n\n                                <div class=\"box_glowna_kategorie_wrapper\"><\/div>\n                                \n        <div class=\"clearfix\">\n            <a class=\"button button-read-more\"\n               href=\"https:\/\/sklep.trenujzmuckiem.pl\/?download=trening-11-pakiet-miesieczny-12-x\">Czytaj wi\u0119cej            <\/a>\n        <\/div>\n\t\n                            <\/div>\n\n\n                                <div class=\"col-sm-3\n        \">\n        <form class=\"edd_download_purchase_form edd_purchase_55 edd-sales-disabled\"\n\n                            data-eddcm-sales-disabled-reason=\"Sprzeda\u017c wy\u0142\u0105czona\" data-eddcm-sales-disabled-reason-long=\"Sprzeda\u017c tego kursy jest obecnie wy\u0142\u0105czona.\"\n                            method=\"post\">\n                                        <div class=\"glowna_box_cena\">\n                                <p class=\"glowna_box_cena_cena\">1599.00<\/p>\n                <p class=\"glowna_box_cena_waluta\">PLN<\/p>\n            <\/div>\n            \n                    <div class=\"edd_purchase_submit_wrapper box_glowna_add_to_cart\">\n                                                    <a href=\"#\"                                class=\"edd-add-to-cart\" data-action=\"edd_add_to_cart\" data-download-id=\"55\" data-variable-price=\"no\" data-price-mode=single ><span class=\"edd-add-to-cart-label\"><i class=\"fas fa-times\"><\/i>Zam\u00f3w<\/span> <span class=\"edd-loading\"><i class=\"icon-hourglass icon-spin\"><\/i><\/span><\/a><button type=\"submit\"  class=\"edd-add-to-cart edd-no-js \" name=\"edd_purchase_download\" data-action=\"edd_add_to_cart\" data-download-id=\"55\" data-variable-price=\"no\" data-price-mode=single >Zam\u00f3w<\/button><a href=\"https:\/\/sklep.trenujzmuckiem.pl\/?page_id=6\" class=\"edd_go_to_checkout\" style=\"display:none;\">Przejd\u017a do kasy<\/a>\n                                                    <span class=\"edd-cart-ajax-alert\" aria-live=\"assertive\">\n                                <span class=\"edd-cart-added-alert\" style=\"display: none;\">\n                                    <i class=\"edd-icon-ok\" aria-hidden=\"true\"><\/i> Dodano do koszyka                                <\/span>\n                            <\/span>\n                                            <\/div><!--end .edd_purchase_submit_wrapper-->\n\n                    <input type=\"hidden\" name=\"prod$product_id\"\n                            value=\"55\">\n                                        <input type=\"hidden\" name=\"edd_action\" class=\"edd_action_input\"\n                            value=\"add_to_cart\">\n\n                    \n                    \n                        <\/form>\n    <\/div>\n\n\n                        <\/div>\n                    <\/div>\n                                                            <div class=\"col-sm-12 box-wrapper\"\n                         id=\"edd_download_48\">\n                        <div class=\"box\">\n                                                        <div class=\"glowna_box_zdjecie col-sm-4\">\n                                <a href=\"https:\/\/sklep.trenujzmuckiem.pl\/?download=trening-11-pakiet-miesieczny-8-x\" title=\"Trening 1:1 &#8211; pakiet miesi\u0119czny 8 x\"\n                                                                       class=\"thumb\">\n                                                                            <span class=\"course-thumbnail-default\">\n\t\t\t\t\t\t\t\t\t\t\t<span><i class=\"icon-hat\"><\/i><\/span>\n\t\t\t\t\t\t\t\t\t\t<\/span>\n                                                                    <\/a>\n                            <\/div>\n                                                        <div class=\"col-sm-5 glowna_box_product_details\">\n                                \n<div class=\"box_glowna_tytul\">\n    <a href=\"https:\/\/sklep.trenujzmuckiem.pl\/?download=trening-11-pakiet-miesieczny-8-x\" >\n      <h2>\n         Trening 1:1 &#8211; pakiet miesi\u0119czny 8 x      <\/h2>\n    <\/a>\n<\/div>\n\n                                <div class=\"box_glowna_kategorie_wrapper\"><\/div>\n                                \n        <div class=\"clearfix\">\n            <a class=\"button button-read-more\"\n               href=\"https:\/\/sklep.trenujzmuckiem.pl\/?download=trening-11-pakiet-miesieczny-8-x\">Czytaj wi\u0119cej            <\/a>\n        <\/div>\n\t\n                            <\/div>\n\n\n                                <div class=\"col-sm-3\n        \">\n        <form class=\"edd_download_purchase_form edd_purchase_48 edd-sales-disabled\"\n\n                            data-eddcm-sales-disabled-reason=\"Sprzeda\u017c wy\u0142\u0105czona\" data-eddcm-sales-disabled-reason-long=\"Sprzeda\u017c tego kursy jest obecnie wy\u0142\u0105czona.\"\n                            method=\"post\">\n                                        <div class=\"glowna_box_cena\">\n                                <p class=\"glowna_box_cena_cena\">999.00<\/p>\n                <p class=\"glowna_box_cena_waluta\">PLN<\/p>\n            <\/div>\n            \n                    <div class=\"edd_purchase_submit_wrapper box_glowna_add_to_cart\">\n                                                    <a href=\"#\"                                class=\"edd-add-to-cart\" data-action=\"edd_add_to_cart\" data-download-id=\"48\" data-variable-price=\"no\" data-price-mode=single ><span class=\"edd-add-to-cart-label\"><i class=\"fas fa-times\"><\/i>Zam\u00f3w<\/span> <span class=\"edd-loading\"><i class=\"icon-hourglass icon-spin\"><\/i><\/span><\/a><button type=\"submit\"  class=\"edd-add-to-cart edd-no-js \" name=\"edd_purchase_download\" data-action=\"edd_add_to_cart\" data-download-id=\"48\" data-variable-price=\"no\" data-price-mode=single >Zam\u00f3w<\/button><a href=\"https:\/\/sklep.trenujzmuckiem.pl\/?page_id=6\" class=\"edd_go_to_checkout\" style=\"display:none;\">Przejd\u017a do kasy<\/a>\n                                                    <span class=\"edd-cart-ajax-alert\" aria-live=\"assertive\">\n                                <span class=\"edd-cart-added-alert\" style=\"display: none;\">\n                                    <i class=\"edd-icon-ok\" aria-hidden=\"true\"><\/i> Dodano do koszyka                                <\/span>\n                            <\/span>\n                                            <\/div><!--end .edd_purchase_submit_wrapper-->\n\n                    <input type=\"hidden\" name=\"prod$product_id\"\n                            value=\"48\">\n                                        <input type=\"hidden\" name=\"edd_action\" class=\"edd_action_input\"\n                            value=\"add_to_cart\">\n\n                    \n                    \n                        <\/form>\n    <\/div>\n\n\n                        <\/div>\n                    <\/div>\n                                                            <div class=\"col-sm-12 box-wrapper\"\n                         id=\"edd_download_43\">\n                        <div class=\"box\">\n                                                        <div class=\"glowna_box_zdjecie col-sm-4\">\n                                <a href=\"https:\/\/sklep.trenujzmuckiem.pl\/?download=trening-11-pakiet-miesieczny-4-x\" title=\"Trening 1:1 &#8211; pakiet miesi\u0119czny 4 x\"\n                                                                       class=\"thumb\">\n                                                                            <span class=\"course-thumbnail-default\">\n\t\t\t\t\t\t\t\t\t\t\t<span><i class=\"icon-hat\"><\/i><\/span>\n\t\t\t\t\t\t\t\t\t\t<\/span>\n                                                                    <\/a>\n                            <\/div>\n                                                        <div class=\"col-sm-5 glowna_box_product_details\">\n                                \n<div class=\"box_glowna_tytul\">\n    <a href=\"https:\/\/sklep.trenujzmuckiem.pl\/?download=trening-11-pakiet-miesieczny-4-x\" >\n      <h2>\n         Trening 1:1 &#8211; pakiet miesi\u0119czny 4 x      <\/h2>\n    <\/a>\n<\/div>\n\n                                <div class=\"box_glowna_kategorie_wrapper\"><\/div>\n                                \n        <div class=\"clearfix\">\n            <a class=\"button button-read-more\"\n               href=\"https:\/\/sklep.trenujzmuckiem.pl\/?download=trening-11-pakiet-miesieczny-4-x\">Czytaj wi\u0119cej            <\/a>\n        <\/div>\n\t\n                            <\/div>\n\n\n                                <div class=\"col-sm-3\n        \">\n        <form class=\"edd_download_purchase_form edd_purchase_43 edd-sales-disabled\"\n\n                            data-eddcm-sales-disabled-reason=\"Sprzeda\u017c wy\u0142\u0105czona\" data-eddcm-sales-disabled-reason-long=\"Sprzeda\u017c tego kursy jest obecnie wy\u0142\u0105czona.\"\n                            method=\"post\">\n                                        <div class=\"glowna_box_cena\">\n                                <p class=\"glowna_box_cena_cena\">699.00<\/p>\n                <p class=\"glowna_box_cena_waluta\">PLN<\/p>\n            <\/div>\n            \n                    <div class=\"edd_purchase_submit_wrapper box_glowna_add_to_cart\">\n                                                    <a href=\"#\"                                class=\"edd-add-to-cart\" data-action=\"edd_add_to_cart\" data-download-id=\"43\" data-variable-price=\"no\" data-price-mode=single ><span class=\"edd-add-to-cart-label\"><i class=\"fas fa-times\"><\/i>Zam\u00f3w<\/span> <span class=\"edd-loading\"><i class=\"icon-hourglass icon-spin\"><\/i><\/span><\/a><button type=\"submit\"  class=\"edd-add-to-cart edd-no-js \" name=\"edd_purchase_download\" data-action=\"edd_add_to_cart\" data-download-id=\"43\" data-variable-price=\"no\" data-price-mode=single >Zam\u00f3w<\/button><a href=\"https:\/\/sklep.trenujzmuckiem.pl\/?page_id=6\" class=\"edd_go_to_checkout\" style=\"display:none;\">Przejd\u017a do kasy<\/a>\n                                                    <span class=\"edd-cart-ajax-alert\" aria-live=\"assertive\">\n                                <span class=\"edd-cart-added-alert\" style=\"display: none;\">\n                                    <i class=\"edd-icon-ok\" aria-hidden=\"true\"><\/i> Dodano do koszyka                                <\/span>\n                            <\/span>\n                                            <\/div><!--end .edd_purchase_submit_wrapper-->\n\n                    <input type=\"hidden\" name=\"prod$product_id\"\n                            value=\"43\">\n                                        <input type=\"hidden\" name=\"edd_action\" class=\"edd_action_input\"\n                            value=\"add_to_cart\">\n\n                    \n                    \n                        <\/form>\n    <\/div>\n\n\n                        <\/div>\n                    <\/div>\n                    \n                \n\n            <\/div>\n        <\/div>\n                \n","protected":false},"excerpt":{"rendered":"","protected":false},"author":1,"featured_media":0,"parent":0,"menu_order":0,"comment_status":"closed","ping_status":"closed","template":"","meta":[],"_links":{"self":[{"href":"https:\/\/sklep.trenujzmuckiem.pl\/index.php?rest_route=\/wp\/v2\/pages\/14"}],"collection":[{"href":"https:\/\/sklep.trenujzmuckiem.pl\/index.php?rest_route=\/wp\/v2\/pages"}],"about":[{"href":"https:\/\/sklep.trenujzmuckiem.pl\/index.php?rest_route=\/wp\/v2\/types\/page"}],"author":[{"embeddable":true,"href":"https:\/\/sklep.trenujzmuckiem.pl\/index.php?rest_route=\/wp\/v2\/users\/1"}],"replies":[{"embeddable":true,"href":"https:\/\/sklep.trenujzmuckiem.pl\/index.php?rest_route=%2Fwp%2Fv2%2Fcomments&post=14"}],"version-history":[{"count":0,"href":"https:\/\/sklep.trenujzmuckiem.pl\/index.php?rest_route=\/wp\/v2\/pages\/14\/revisions"}],"wp:attachment":[{"href":"https:\/\/sklep.trenujzmuckiem.pl\/index.php?rest_route=%2Fwp%2Fv2%2Fmedia&parent=14"}],"curies":[{"name":"wp","href":"https:\/\/api.w.org\/{rel}","templated":true}]}}